{"id":15,"date":"2021-02-28T20:55:17","date_gmt":"2021-02-28T20:55:17","guid":{"rendered":"http:\/\/ellibeninca.com.br\/site\/?page_id=15"},"modified":"2021-03-14T15:27:58","modified_gmt":"2021-03-14T15:27:58","slug":"livros-publicados","status":"publish","type":"page","link":"https:\/\/ellibeninca.com.br\/site\/livros-publicados\/","title":{"rendered":"Livros publicados"},"content":{"rendered":"\t\t<div data-elementor-type=\"wp-page\" data-elementor-id=\"15\" class=\"elementor elementor-15\" data-elementor-post-type=\"page\">\n\t\t\t\t\t\t<section class=\"elementor-section elementor-top-section elementor-element elementor-element-9d103f8 elementor-section-boxed elementor-section-height-default elementor-section-height-default\" data-id=\"9d103f8\" data-element_type=\"section\" data-settings=\"{&quot;background_background&quot;:&quot;classic&quot;}\">\n\t\t\t\t\t\t\t<div class=\"elementor-background-overlay\"><\/div>\n\t\t\t\t\t\t\t<div class=\"elementor-container elementor-column-gap-default\">\n\t\t\t\t\t<div class=\"elementor-column elementor-col-100 elementor-top-column elementor-element elementor-element-0d23825\" data-id=\"0d23825\" data-element_type=\"column\">\n\t\t\t<div class=\"elementor-widget-wrap elementor-element-populated\">\n\t\t\t\t\t\t<div class=\"elementor-element elementor-element-f638cb5 elementor-widget elementor-widget-spacer\" data-id=\"f638cb5\" data-element_type=\"widget\" data-widget_type=\"spacer.default\">\n\t\t\t\t<div class=\"elementor-widget-container\">\n\t\t\t\t\t\t\t<div class=\"elementor-spacer\">\n\t\t\t<div class=\"elementor-spacer-inner\"><\/div>\n\t\t<\/div>\n\t\t\t\t\t\t<\/div>\n\t\t\t\t<\/div>\n\t\t\t\t\t<\/div>\n\t\t<\/div>\n\t\t\t\t\t<\/div>\n\t\t<\/section>\n\t\t\t\t<section class=\"elementor-section elementor-top-section elementor-element elementor-element-893c140 elementor-section-boxed elementor-section-height-default elementor-section-height-default\" data-id=\"893c140\" data-element_type=\"section\">\n\t\t\t\t\t\t<div class=\"elementor-container elementor-column-gap-default\">\n\t\t\t\t\t<div class=\"elementor-column elementor-col-100 elementor-top-column elementor-element elementor-element-f58e075\" data-id=\"f58e075\" data-element_type=\"column\">\n\t\t\t<div class=\"elementor-widget-wrap elementor-element-populated\">\n\t\t\t\t\t\t<div class=\"elementor-element elementor-element-1b29eec elementor-widget elementor-widget-text-editor\" data-id=\"1b29eec\" data-element_type=\"widget\" data-widget_type=\"text-editor.default\">\n\t\t\t\t<div class=\"elementor-widget-container\">\n\t\t\t\t\t\t\t\t\t<p><strong><a href=\"http:\/\/ellibeninca.com.br\/site\/livros-publicados\/\">Livros &#8211; obras autorais<\/a>\u00a0 |\u00a0 <a href=\"http:\/\/ellibeninca.com.br\/site\/livros-sobre-o-elli-beninca\/\">Livros sobre o Elli Beninc\u00e1<\/a>\u00a0 |\u00a0 <a href=\"http:\/\/ellibeninca.com.br\/site\/capitulos-em-livros\/\">Cap\u00edtulos em livros<\/a><\/strong><\/p>\t\t\t\t\t\t\t\t<\/div>\n\t\t\t\t<\/div>\n\t\t\t\t\t<\/div>\n\t\t<\/div>\n\t\t\t\t\t<\/div>\n\t\t<\/section>\n\t\t\t\t<section class=\"elementor-section elementor-top-section elementor-element elementor-element-3cb1e24 elementor-section-boxed elementor-section-height-default elementor-section-height-default\" data-id=\"3cb1e24\" data-element_type=\"section\">\n\t\t\t\t\t\t<div class=\"elementor-container elementor-column-gap-default\">\n\t\t\t\t\t<div class=\"elementor-column elementor-col-100 elementor-top-column elementor-element elementor-element-ec2e209\" data-id=\"ec2e209\" data-element_type=\"column\">\n\t\t\t<div class=\"elementor-widget-wrap elementor-element-populated\">\n\t\t\t\t\t\t<div class=\"elementor-element elementor-element-419eb67 elementor-widget elementor-widget-spacer\" data-id=\"419eb67\" data-element_type=\"widget\" data-widget_type=\"spacer.default\">\n\t\t\t\t<div class=\"elementor-widget-container\">\n\t\t\t\t\t\t\t<div class=\"elementor-spacer\">\n\t\t\t<div class=\"elementor-spacer-inner\"><\/div>\n\t\t<\/div>\n\t\t\t\t\t\t<\/div>\n\t\t\t\t<\/div>\n\t\t\t\t\t<\/div>\n\t\t<\/div>\n\t\t\t\t\t<\/div>\n\t\t<\/section>\n\t\t\t\t<section class=\"elementor-section elementor-top-section elementor-element elementor-element-818b042 elementor-section-boxed elementor-section-height-default elementor-section-height-default\" data-id=\"818b042\" data-element_type=\"section\">\n\t\t\t\t\t\t<div class=\"elementor-container elementor-column-gap-default\">\n\t\t\t\t\t<div class=\"elementor-column elementor-col-100 elementor-top-column elementor-element elementor-element-05f6651\" data-id=\"05f6651\" data-element_type=\"column\">\n\t\t\t<div class=\"elementor-widget-wrap elementor-element-populated\">\n\t\t\t\t\t\t<div class=\"elementor-element elementor-element-c718afd elementor-widget elementor-widget-heading\" data-id=\"c718afd\" data-element_type=\"widget\" data-widget_type=\"heading.default\">\n\t\t\t\t<div class=\"elementor-widget-container\">\n\t\t\t\t\t<h4 class=\"elementor-heading-title elementor-size-default\">Elli Beninc\u00e1<\/h4>\t\t\t\t<\/div>\n\t\t\t\t<\/div>\n\t\t\t\t<div class=\"elementor-element elementor-element-d2b28a6 elementor-widget elementor-widget-heading\" data-id=\"d2b28a6\" data-element_type=\"widget\" data-widget_type=\"heading.default\">\n\t\t\t\t<div class=\"elementor-widget-container\">\n\t\t\t\t\t<h3 class=\"elementor-heading-title elementor-size-default\">Livros - obras autorais<\/h3>\t\t\t\t<\/div>\n\t\t\t\t<\/div>\n\t\t\t\t\t<\/div>\n\t\t<\/div>\n\t\t\t\t\t<\/div>\n\t\t<\/section>\n\t\t\t\t<section class=\"elementor-section elementor-top-section elementor-element elementor-element-b74fd49 elementor-section-boxed elementor-section-height-default elementor-section-height-default\" data-id=\"b74fd49\" data-element_type=\"section\">\n\t\t\t\t\t\t<div class=\"elementor-container elementor-column-gap-default\">\n\t\t\t\t\t<div class=\"elementor-column elementor-col-100 elementor-top-column elementor-element elementor-element-ea62021\" data-id=\"ea62021\" data-element_type=\"column\">\n\t\t\t<div class=\"elementor-widget-wrap elementor-element-populated\">\n\t\t\t\t\t\t<div class=\"elementor-element elementor-element-eed5902 elementor-widget elementor-widget-text-editor\" data-id=\"eed5902\" data-element_type=\"widget\" data-widget_type=\"text-editor.default\">\n\t\t\t\t<div class=\"elementor-widget-container\">\n\t\t\t\t\t\t\t\t\t<table width=\"1316\">\n<tbody>\n<tr>\n<td width=\"598\"><b>REFER\u00caNCIA DO LIVRO<\/b><\/td>\n<td width=\"182\"><b>ANO<\/b><\/td>\n<td width=\"296\"><b>LOCALIZA\u00c7\u00c3O<\/b><\/td>\n<td width=\"240\">ACERVO DA FAM\u00cdLIA?<\/td>\n<\/tr>\n<tr>\n<td width=\"598\">BENINC\u00c1, Elli. Introdu\u00e7\u00e3o \u00e0 filosofia. 7.ed. Passo Fundo: Instituto Social Berthier, 1975. 122 p.<\/td>\n<td>1975<\/td>\n<td>101&nbsp;B467i&nbsp;<\/td>\n<td rowspan=\"4\">SIM<\/td>\n<\/tr>\n<tr>\n<td width=\"598\">BENINC\u00c1, Elli.&nbsp;Introdu\u00e7\u00e3o \u00e0 filosofia.&nbsp;9.ed. Passo Fundo: Instituto Social Berthier, [1975]. 122 p.<\/td>\n<td>[1975]<\/td>\n<td>101 B467i 9.ed.<\/td>\n<\/tr>\n<tr>\n<td width=\"598\">BENINC\u00c1, Elli.&nbsp;Introdu\u00e7\u00e3o \u00e0 filosofia.&nbsp;Passo Fundo: Jo\u00e3o B. M. Freitas, [19&#8211;]. 108 p.<\/td>\n<td>[19&#8211;]<\/td>\n<td>101 B467in<\/td>\n<\/tr>\n<tr>\n<td width=\"598\">BENINC\u00c1, Elli. Introdu\u00e7\u00e3o \u00e0 filosofia. 11. ed. S\u00e3o Paulo: Centro Diocesano de Pastoral, 2000. 146 p.<\/td>\n<td>2000<\/td>\n<td>101&nbsp;B467int&nbsp;11.ed.-2000&nbsp;<\/td>\n<\/tr>\n<tr>\n<td width=\"598\">BENINC\u00c1, Elli (Coord.).&nbsp;Religiosidade &amp; sa\u00fade popular.&nbsp;Passo Fundo: Ed. Universidade de Passo Fundo, 1991. 125 p. (Cultura e Religiosidade Popular).<\/td>\n<td>1991<\/td>\n<td>008 R382 1991<\/td>\n<td>SIM<\/td>\n<\/tr>\n<tr>\n<td width=\"598\">BENINC\u00c1, Elli (Org.). Cultura e educa\u00e7\u00e3o popular. Passo Fundo: Ed. Universidade de Passo Fundo, 1992. 148 p. (Cultura e Religiosidade Popular ; 2)<\/td>\n<td>1992<\/td>\n<td>376.76 C968 1992<\/td>\n<td>SIM<\/td>\n<\/tr>\n<tr>\n<td width=\"598\">BENINC\u00c1, Elli; CAIMI, Fl\u00e1via Eloisa (Coord.).&nbsp;Forma\u00e7\u00e3o de professores:&nbsp;um di\u00e1logo entre a teoria e a pr\u00e1tica.&nbsp;Passo Fundo: Ed. Universidade de Passo Fundo, 2002. 160 p.&nbsp;<\/td>\n<td>2002<\/td>\n<td>371.13&nbsp;Fpr723&nbsp;2002<\/td>\n<td rowspan=\"2\">SIM<\/td>\n<\/tr>\n<tr>\n<td width=\"598\">BENINC\u00c1, Elli; CAIMI, Fl\u00e1via Eloisa (Coord.). Forma\u00e7\u00e3o de professores: um di\u00e1logo entre a teoria e a pratica. 2. ed. Passo Fundo: Ed. Universidade de Passo Fundo, 2004. 160 p.<\/td>\n<td>2004<\/td>\n<td width=\"296\">371.13 Fpr723 2.ed.-2004<\/td>\n<\/tr>\n<tr>\n<td width=\"598\">BENINC\u00c1, Elli (Coord.). A Igreja Cat\u00f3lica na constru\u00e7\u00e3o da cidadania passo-fundense. Passo Fundo: Instituto Superior de Filosofia Berthier, 2007. 326 p.<\/td>\n<td>2007<\/td>\n<td>282 I24 2007<\/td>\n<td>SIM<\/td>\n<\/tr>\n<tr>\n<td width=\"598\">REIS, Ari dos; BENINC\u00c1, Elli; ZANANDR\u00c9A, Rene; MEZADRI, Neri Jos\u00e9; BALBINOT, Rodinei (Coord.).&nbsp;Metodologia da a\u00e7\u00e3o evangelizadora:&nbsp;uma experi\u00eancia no fazer teol\u00f3gico-pastoral.&nbsp;Passo Fundo: Berthier, 2008. 218 p.<\/td>\n<td>2008<\/td>\n<td>2:37 R375m 2008<\/td>\n<td>SIM<\/td>\n<\/tr>\n<tr>\n<td width=\"598\">BENINC\u00c1, Elli; BALBINOT, Rodinei.&nbsp;Metodologia pastoral:&nbsp;m\u00edstica do disc\u00edpulo mission\u00e1rio.&nbsp;S\u00e3o Paulo: Paulinas, 2009. 110 p.&nbsp;<\/td>\n<td>2009<\/td>\n<td>261&nbsp;B467m&nbsp;2009<\/td>\n<td>SIM<\/td>\n<\/tr>\n<tr>\n<td width=\"598\">BENINC\u00c1, Elli; M\u00dcHL, Eldon Henrique (Org.). Educa\u00e7\u00e3o: pr\u00e1xis e ressignifica\u00e7\u00e3o pedag\u00f3gica. Passo Fundo: Ed. Universidade de Passo Fundo, 2010. 330 p.<\/td>\n<td>2010<\/td>\n<td>37.013 B467e 2010<\/td>\n<td>SIM<\/td>\n<\/tr>\n<tr>\n<td width=\"598\">BENINC\u00c1, Elli. Religi\u00e3o, sa\u00fade e o popular. Passo Fundo: Berthier, 2010. 292 p.<\/td>\n<td>2010<\/td>\n<td>2 B467re 2010<\/td>\n<td>SIM<\/td>\n<\/tr>\n<tr>\n<td>BENINC\u00c1, Elli. Conflito religioso e pr\u00e1xis: o conflito religioso na a\u00e7\u00e3o pol\u00edtica dos acampamentos de Encruzilhada Natalino e da Fazenda Annoni. Passo fundo: IFIBE: UPF, 2016. 216 p.<\/td>\n<td>2016<\/td>\n<td>B273a<\/td>\n<td>SIM<\/td>\n<\/tr>\n<\/tbody>\n<\/table>\t\t\t\t\t\t\t\t<\/div>\n\t\t\t\t<\/div>\n\t\t\t\t\t<\/div>\n\t\t<\/div>\n\t\t\t\t\t<\/div>\n\t\t<\/section>\n\t\t\t\t<section class=\"elementor-section elementor-top-section elementor-element elementor-element-122c450 elementor-section-boxed elementor-section-height-default elementor-section-height-default\" data-id=\"122c450\" data-element_type=\"section\">\n\t\t\t\t\t\t<div class=\"elementor-container elementor-column-gap-default\">\n\t\t\t\t\t<div class=\"elementor-column elementor-col-100 elementor-top-column elementor-element elementor-element-e4a7b51\" data-id=\"e4a7b51\" data-element_type=\"column\">\n\t\t\t<div class=\"elementor-widget-wrap elementor-element-populated\">\n\t\t\t\t\t\t<div class=\"elementor-element elementor-element-d9ab7b7 elementor-widget elementor-widget-spacer\" data-id=\"d9ab7b7\" data-element_type=\"widget\" data-widget_type=\"spacer.default\">\n\t\t\t\t<div class=\"elementor-widget-container\">\n\t\t\t\t\t\t\t<div class=\"elementor-spacer\">\n\t\t\t<div class=\"elementor-spacer-inner\"><\/div>\n\t\t<\/div>\n\t\t\t\t\t\t<\/div>\n\t\t\t\t<\/div>\n\t\t\t\t\t<\/div>\n\t\t<\/div>\n\t\t\t\t\t<\/div>\n\t\t<\/section>\n\t\t\t\t<section class=\"elementor-section elementor-top-section elementor-element elementor-element-7345798 elementor-section-boxed elementor-section-height-default elementor-section-height-default\" data-id=\"7345798\" data-element_type=\"section\">\n\t\t\t\t\t\t<div class=\"elementor-container elementor-column-gap-default\">\n\t\t\t\t\t<div class=\"elementor-column elementor-col-100 elementor-top-column elementor-element elementor-element-d709bfc\" data-id=\"d709bfc\" data-element_type=\"column\">\n\t\t\t<div class=\"elementor-widget-wrap elementor-element-populated\">\n\t\t\t\t\t\t<div class=\"elementor-element elementor-element-c4a8c35 elementor-widget elementor-widget-text-editor\" data-id=\"c4a8c35\" data-element_type=\"widget\" data-widget_type=\"text-editor.default\">\n\t\t\t\t<div class=\"elementor-widget-container\">\n\t\t\t\t\t\t\t\t\t<p>Voc\u00ea conhece mais alguma obra de autoria de Elli Beninc\u00e1? <\/p>\t\t\t\t\t\t\t\t<\/div>\n\t\t\t\t<\/div>\n\t\t\t\t<div class=\"elementor-element elementor-element-1245e34 elementor-widget elementor-widget-text-editor\" data-id=\"1245e34\" data-element_type=\"widget\" data-widget_type=\"text-editor.default\">\n\t\t\t\t<div class=\"elementor-widget-container\">\n\t\t\t\t\t\t\t\t\t<p>Contribua com este levantamento, indicando abaixo as informa\u00e7\u00f5es de outras obras que voc\u00ea conhece para completarmos esta pesquisa.<\/p>\t\t\t\t\t\t\t\t<\/div>\n\t\t\t\t<\/div>\n\t\t\t\t<div class=\"elementor-element elementor-element-aeb4508 elementor-widget elementor-widget-shortcode\" data-id=\"aeb4508\" data-element_type=\"widget\" data-widget_type=\"shortcode.default\">\n\t\t\t\t<div class=\"elementor-widget-container\">\n\t\t\t\t\t\t\t<div class=\"elementor-shortcode\">\n<div class=\"wpcf7 no-js\" id=\"wpcf7-f25-o1\" lang=\"pt-BR\" dir=\"ltr\" data-wpcf7-id=\"25\">\n<div class=\"screen-reader-response\"><p role=\"status\" aria-live=\"polite\" aria-atomic=\"true\"><\/p> <ul><\/ul><\/div>\n<form action=\"\/site\/wp-json\/wp\/v2\/pages\/15#wpcf7-f25-o1\" method=\"post\" class=\"wpcf7-form init\" aria-label=\"Formul\u00e1rios de contato\" novalidate=\"novalidate\" data-status=\"init\">\n<fieldset class=\"hidden-fields-container\"><input type=\"hidden\" name=\"_wpcf7\" value=\"25\" \/><input type=\"hidden\" name=\"_wpcf7_version\" value=\"6.1.1\" \/><input type=\"hidden\" name=\"_wpcf7_locale\" value=\"pt_BR\" \/><input type=\"hidden\" name=\"_wpcf7_unit_tag\" value=\"wpcf7-f25-o1\" \/><input type=\"hidden\" name=\"_wpcf7_container_post\" value=\"0\" \/><input type=\"hidden\" name=\"_wpcf7_posted_data_hash\" value=\"\" \/>\n<\/fieldset>\n<p><label> Nome do livro<br \/>\n<span class=\"wpcf7-form-control-wrap\" data-name=\"nome-livro\"><input size=\"40\" maxlength=\"400\" class=\"wpcf7-form-control wpcf7-text wpcf7-validates-as-required\" aria-required=\"true\" aria-invalid=\"false\" value=\"\" type=\"text\" name=\"nome-livro\" \/><\/span> <\/label>\n<\/p>\n<p><label> Autores<br \/>\n<span class=\"wpcf7-form-control-wrap\" data-name=\"autores\"><input size=\"40\" maxlength=\"400\" class=\"wpcf7-form-control wpcf7-text wpcf7-validates-as-required\" aria-required=\"true\" aria-invalid=\"false\" value=\"\" type=\"text\" name=\"autores\" \/><\/span> <\/label>\n<\/p>\n<p><label> Editora e Cidade<br \/>\n<span class=\"wpcf7-form-control-wrap\" data-name=\"editora\"><input size=\"40\" maxlength=\"400\" class=\"wpcf7-form-control wpcf7-text\" aria-invalid=\"false\" value=\"\" type=\"text\" name=\"editora\" \/><\/span> <\/label>\n<\/p>\n<p><label> Edi\u00e7\u00e3o<br \/>\n<span class=\"wpcf7-form-control-wrap\" data-name=\"edicao\"><input size=\"40\" maxlength=\"400\" class=\"wpcf7-form-control wpcf7-text\" aria-invalid=\"false\" value=\"\" type=\"text\" name=\"edicao\" \/><\/span> <\/label>\n<\/p>\n<p><label> Ano da publica\u00e7\u00e3o<br \/>\n<span class=\"wpcf7-form-control-wrap\" data-name=\"ano-publicacao\"><input size=\"40\" maxlength=\"400\" class=\"wpcf7-form-control wpcf7-text\" aria-invalid=\"false\" value=\"\" type=\"text\" name=\"ano-publicacao\" \/><\/span> <\/label>\n<\/p>\n<p><label> ISBN<br \/>\n<span class=\"wpcf7-form-control-wrap\" data-name=\"isbn\"><input size=\"40\" maxlength=\"400\" class=\"wpcf7-form-control wpcf7-text\" aria-invalid=\"false\" value=\"\" type=\"text\" name=\"isbn\" \/><\/span> <\/label>\n<\/p>\n<p><label> Seu nome:<br \/>\n<span class=\"wpcf7-form-control-wrap\" data-name=\"colaboracao\"><input size=\"40\" maxlength=\"400\" class=\"wpcf7-form-control wpcf7-text wpcf7-validates-as-required\" aria-required=\"true\" aria-invalid=\"false\" value=\"\" type=\"text\" name=\"colaboracao\" \/><\/span> <\/label>\n<\/p>\n<p><label> Seu email para contato:<br \/>\n<span class=\"wpcf7-form-control-wrap\" data-name=\"email-colaborador\"><input size=\"40\" maxlength=\"400\" class=\"wpcf7-form-control wpcf7-email wpcf7-validates-as-required wpcf7-text wpcf7-validates-as-email\" aria-required=\"true\" aria-invalid=\"false\" value=\"\" type=\"email\" name=\"email-colaborador\" \/><\/span> <\/label>\n<\/p>\n<p><label> Possui exemplar f\u00edsico? <\/label><br \/>\n<span class=\"wpcf7-form-control-wrap\" data-name=\"exemplar-fisico\"><span class=\"wpcf7-form-control wpcf7-checkbox wpcf7-validates-as-required wpcf7-exclusive-checkbox\"><span class=\"wpcf7-list-item first\"><label><span class=\"wpcf7-list-item-label\">SIM<\/span><input type=\"checkbox\" name=\"exemplar-fisico\" value=\"SIM\" \/><\/label><\/span><span class=\"wpcf7-list-item last\"><label><span class=\"wpcf7-list-item-label\">N\u00c3O<\/span><input type=\"checkbox\" name=\"exemplar-fisico\" value=\"N\u00c3O\" \/><\/label><\/span><\/span><\/span>\n<\/p>\n<p><label> Coment\u00e1rio (opcional)<br \/>\n<span class=\"wpcf7-form-control-wrap\" data-name=\"comentario\"><textarea cols=\"40\" rows=\"10\" maxlength=\"2000\" class=\"wpcf7-form-control wpcf7-textarea\" aria-invalid=\"false\" name=\"comentario\"><\/textarea><\/span> <\/label>\n<\/p>\n<p><input class=\"wpcf7-form-control wpcf7-submit has-spinner\" type=\"submit\" value=\"Enviar\" \/>\n<\/p><div class=\"wpcf7-response-output\" aria-hidden=\"true\"><\/div>\n<\/form>\n<\/div>\n<\/div>\n\t\t\t\t\t\t<\/div>\n\t\t\t\t<\/div>\n\t\t\t\t\t<\/div>\n\t\t<\/div>\n\t\t\t\t\t<\/div>\n\t\t<\/section>\n\t\t\t\t<\/div>\n\t\t","protected":false},"excerpt":{"rendered":"<p>Elli Beninc\u00e1 Livros &#8211; obras autorais NOME DO LIVRO REFER\u00caNCIA ANO ACERVO FAM\u00cdLIA Introdu\u00e7\u00e3o \u00e0 filosofia BENINC\u00c1, Elli.&nbsp;Introdu\u00e7\u00e3o \u00e0 filosofia.&nbsp;9.ed. Passo Fundo: Instituto Social Berthier, [1975]. 122 p. 1975 SIM Introdu\u00e7\u00e3o \u00e0 filosofia BENINC\u00c1, Elli. Introdu\u00e7\u00e3o \u00e0 filosofia. 11. ed. S\u00e3o Paulo: Centro Diocesano de Pastoral, 2000. 146 p. 2000 SIM Religiosidade &amp; sa\u00fade popular [&hellip;]<\/p>\n","protected":false},"author":1,"featured_media":0,"parent":0,"menu_order":0,"comment_status":"closed","ping_status":"closed","template":"templates\/template-page-full-width.php","meta":{"footnotes":""},"class_list":["post-15","page","type-page","status-publish","hentry"],"_links":{"self":[{"href":"https:\/\/ellibeninca.com.br\/site\/wp-json\/wp\/v2\/pages\/15","targetHints":{"allow":["GET"]}}],"collection":[{"href":"https:\/\/ellibeninca.com.br\/site\/wp-json\/wp\/v2\/pages"}],"about":[{"href":"https:\/\/ellibeninca.com.br\/site\/wp-json\/wp\/v2\/types\/page"}],"author":[{"embeddable":true,"href":"https:\/\/ellibeninca.com.br\/site\/wp-json\/wp\/v2\/users\/1"}],"replies":[{"embeddable":true,"href":"https:\/\/ellibeninca.com.br\/site\/wp-json\/wp\/v2\/comments?post=15"}],"version-history":[{"count":33,"href":"https:\/\/ellibeninca.com.br\/site\/wp-json\/wp\/v2\/pages\/15\/revisions"}],"predecessor-version":[{"id":667,"href":"https:\/\/ellibeninca.com.br\/site\/wp-json\/wp\/v2\/pages\/15\/revisions\/667"}],"wp:attachment":[{"href":"https:\/\/ellibeninca.com.br\/site\/wp-json\/wp\/v2\/media?parent=15"}],"curies":[{"name":"wp","href":"https:\/\/api.w.org\/{rel}","templated":true}]}}