{"id":644,"date":"2021-03-14T01:53:13","date_gmt":"2021-03-14T01:53:13","guid":{"rendered":"http:\/\/ellibeninca.com.br\/site\/?page_id=644"},"modified":"2021-03-14T15:41:09","modified_gmt":"2021-03-14T15:41:09","slug":"outras-producoes","status":"publish","type":"page","link":"https:\/\/ellibeninca.com.br\/site\/outras-producoes\/","title":{"rendered":"Outras produ\u00e7\u00f5es"},"content":{"rendered":"\n<h1 class=\"wp-block-heading\">Outros materiais e produ\u00e7\u00f5es<\/h1>\n\n\n\n<p class=\"has-medium-font-size\">Aqui voc\u00ea pode contribuir indicando outras produ\u00e7\u00f5es, como textos produzidos para encontros, grupos de estudo, assembleias&#8230; al\u00e9m de materiais inspirados no trabalho do professor Pe. Elli Beninc\u00e1.<\/p>\n\n\n\n<hr class=\"wp-block-separator\"\/>\n\n\n\n<div class=\"wp-block-contact-form-7-contact-form-selector\">\n<div class=\"wpcf7 no-js\" id=\"wpcf7-f676-o1\" lang=\"pt-BR\" dir=\"ltr\" data-wpcf7-id=\"676\">\n<div class=\"screen-reader-response\"><p role=\"status\" aria-live=\"polite\" aria-atomic=\"true\"><\/p> <ul><\/ul><\/div>\n<form action=\"\/site\/wp-json\/wp\/v2\/pages\/644#wpcf7-f676-o1\" method=\"post\" class=\"wpcf7-form init\" aria-label=\"Formul\u00e1rios de contato\" enctype=\"multipart\/form-data\" novalidate=\"novalidate\" data-status=\"init\">\n<fieldset class=\"hidden-fields-container\"><input type=\"hidden\" name=\"_wpcf7\" value=\"676\" \/><input type=\"hidden\" name=\"_wpcf7_version\" value=\"6.1.1\" \/><input type=\"hidden\" name=\"_wpcf7_locale\" value=\"pt_BR\" \/><input type=\"hidden\" name=\"_wpcf7_unit_tag\" value=\"wpcf7-f676-o1\" \/><input type=\"hidden\" name=\"_wpcf7_container_post\" value=\"0\" \/><input type=\"hidden\" name=\"_wpcf7_posted_data_hash\" value=\"\" \/>\n<\/fieldset>\n<p><label> T\u00edtulo da publica\u00e7\u00e3o<br \/>\n<span class=\"wpcf7-form-control-wrap\" data-name=\"titulo-publicacao\"><input size=\"40\" maxlength=\"400\" class=\"wpcf7-form-control wpcf7-text wpcf7-validates-as-required\" aria-required=\"true\" aria-invalid=\"false\" value=\"\" type=\"text\" name=\"titulo-publicacao\" \/><\/span> <\/label><br \/>\n<label> Autores (quando especificado)<br \/>\n<span class=\"wpcf7-form-control-wrap\" data-name=\"autores\"><input size=\"40\" maxlength=\"400\" class=\"wpcf7-form-control wpcf7-text\" aria-invalid=\"false\" value=\"\" type=\"text\" name=\"autores\" \/><\/span> <\/label><br \/>\n<label> Organiza\u00e7\u00e3o que publicou o material ou Editora<br \/>\n<span class=\"wpcf7-form-control-wrap\" data-name=\"organizacao\"><input size=\"40\" maxlength=\"400\" class=\"wpcf7-form-control wpcf7-text\" aria-invalid=\"false\" value=\"\" type=\"text\" name=\"organizacao\" \/><\/span> <\/label><br \/>\n<label> Ano da publica\u00e7\u00e3o<br \/>\n<span class=\"wpcf7-form-control-wrap\" data-name=\"ano-publicacao\"><input size=\"40\" maxlength=\"400\" class=\"wpcf7-form-control wpcf7-text\" aria-invalid=\"false\" value=\"\" type=\"text\" name=\"ano-publicacao\" \/><\/span> <\/label><br \/>\n<label> Outras informa\u00e7\u00f5es e coment\u00e1rios sobre o material<br \/>\n<span class=\"wpcf7-form-control-wrap\" data-name=\"comentario\"><textarea cols=\"40\" rows=\"10\" maxlength=\"2000\" class=\"wpcf7-form-control wpcf7-textarea\" aria-invalid=\"false\" name=\"comentario\"><\/textarea><\/span> <\/label>\n<\/p>\n<p><label> Seu nome:<br \/>\n<span class=\"wpcf7-form-control-wrap\" data-name=\"colaboracao\"><input size=\"40\" maxlength=\"400\" class=\"wpcf7-form-control wpcf7-text wpcf7-validates-as-required\" aria-required=\"true\" aria-invalid=\"false\" value=\"\" type=\"text\" name=\"colaboracao\" \/><\/span> <\/label><br \/>\n<label> Seu email para contato:<br \/>\n<span class=\"wpcf7-form-control-wrap\" data-name=\"email-colaborador\"><input size=\"40\" maxlength=\"400\" class=\"wpcf7-form-control wpcf7-email wpcf7-validates-as-required wpcf7-text wpcf7-validates-as-email\" aria-required=\"true\" aria-invalid=\"false\" value=\"\" type=\"email\" name=\"email-colaborador\" \/><\/span> <\/label>\n<\/p>\n<p><label> Possui exemplar f\u00edsico? <\/label><br \/>\n<span class=\"wpcf7-form-control-wrap\" data-name=\"exemplar-fisico\"><span class=\"wpcf7-form-control wpcf7-checkbox wpcf7-validates-as-required wpcf7-exclusive-checkbox\"><span class=\"wpcf7-list-item first\"><label><span class=\"wpcf7-list-item-label\">SIM<\/span><input type=\"checkbox\" name=\"exemplar-fisico\" value=\"SIM\" \/><\/label><\/span><span class=\"wpcf7-list-item last\"><label><span class=\"wpcf7-list-item-label\">N\u00c3O<\/span><input type=\"checkbox\" name=\"exemplar-fisico\" value=\"N\u00c3O\" \/><\/label><\/span><\/span><\/span>\n<\/p>\n<p><label> Enviar foto da capa ou arquivo digital <\/label><br \/>\n<span class=\"wpcf7-form-control-wrap\" data-name=\"anexo\"><input size=\"40\" class=\"wpcf7-form-control wpcf7-file\" accept=\".jpg,.png,.pdf\" aria-invalid=\"false\" type=\"file\" name=\"anexo\" \/><\/span>\n<\/p>\n<p>-\n<\/p>\n<p><input class=\"wpcf7-form-control wpcf7-submit has-spinner\" type=\"submit\" value=\"Enviar\" \/>\n<\/p><div class=\"wpcf7-response-output\" aria-hidden=\"true\"><\/div>\n<\/form>\n<\/div>\n<\/div>\n\n\n\n<p><\/p>\n","protected":false},"excerpt":{"rendered":"<p>Outros materiais e produ\u00e7\u00f5es Aqui voc\u00ea pode contribuir indicando outras produ\u00e7\u00f5es, como textos produzidos para encontros, grupos de estudo, assembleias&#8230; al\u00e9m de materiais inspirados no trabalho do professor Pe. Elli Beninc\u00e1.<\/p>\n","protected":false},"author":1,"featured_media":0,"parent":0,"menu_order":0,"comment_status":"closed","ping_status":"closed","template":"templates\/template-page-full-width.php","meta":{"footnotes":""},"class_list":["post-644","page","type-page","status-publish","hentry"],"_links":{"self":[{"href":"https:\/\/ellibeninca.com.br\/site\/wp-json\/wp\/v2\/pages\/644","targetHints":{"allow":["GET"]}}],"collection":[{"href":"https:\/\/ellibeninca.com.br\/site\/wp-json\/wp\/v2\/pages"}],"about":[{"href":"https:\/\/ellibeninca.com.br\/site\/wp-json\/wp\/v2\/types\/page"}],"author":[{"embeddable":true,"href":"https:\/\/ellibeninca.com.br\/site\/wp-json\/wp\/v2\/users\/1"}],"replies":[{"embeddable":true,"href":"https:\/\/ellibeninca.com.br\/site\/wp-json\/wp\/v2\/comments?post=644"}],"version-history":[{"count":3,"href":"https:\/\/ellibeninca.com.br\/site\/wp-json\/wp\/v2\/pages\/644\/revisions"}],"predecessor-version":[{"id":681,"href":"https:\/\/ellibeninca.com.br\/site\/wp-json\/wp\/v2\/pages\/644\/revisions\/681"}],"wp:attachment":[{"href":"https:\/\/ellibeninca.com.br\/site\/wp-json\/wp\/v2\/media?parent=644"}],"curies":[{"name":"wp","href":"https:\/\/api.w.org\/{rel}","templated":true}]}}